{"id":5128,"date":"2025-09-07T18:41:29","date_gmt":"2025-09-07T16:41:29","guid":{"rendered":"https:\/\/futosushi.testowestronydemo.pl\/?page_id=5128"},"modified":"2025-09-07T18:42:57","modified_gmt":"2025-09-07T16:42:57","slug":"regulamin","status":"publish","type":"page","link":"https:\/\/futosushi.com.pl\/?page_id=5128","title":{"rendered":"Regulamin"},"content":{"rendered":"\t\t<div data-elementor-type=\"wp-page\" data-elementor-id=\"5128\" class=\"elementor elementor-5128\">\n\t\t\t\t<div class=\"elementor-element elementor-element-47a6166d e-flex e-con-boxed e-con e-parent\" data-id=\"47a6166d\" data-element_type=\"container\">\n\t\t\t\t\t<div class=\"e-con-inner\">\n\t\t\t\t<div class=\"elementor-element elementor-element-13cabe2b elementor-widget elementor-widget-text-editor\" data-id=\"13cabe2b\" data-element_type=\"widget\" data-widget_type=\"text-editor.default\">\n\t\t\t\t<div class=\"elementor-widget-container\">\n\t\t\t<style>\/*! elementor - v3.21.0 - 30-04-2024 *\/\n.elementor-widget-text-editor.elementor-drop-cap-view-stacked .elementor-drop-cap{background-color:#69727d;color:#fff}.elementor-widget-text-editor.elementor-drop-cap-view-framed .elementor-drop-cap{color:#69727d;border:3px solid;background-color:transparent}.elementor-widget-text-editor:not(.elementor-drop-cap-view-default) .elementor-drop-cap{margin-top:8px}.elementor-widget-text-editor:not(.elementor-drop-cap-view-default) .elementor-drop-cap-letter{width:1em;height:1em}.elementor-widget-text-editor .elementor-drop-cap{float:left;text-align:center;line-height:1;font-size:50px}.elementor-widget-text-editor .elementor-drop-cap-letter{display:inline-block}<\/style>\t\t\t\t<section id=\"regulamin-zamowien-online\" lang=\"pl\">\n  <article>\n    <h1>Regulamin Zam\u00f3wie\u0144 Online \u2013 Restauracja Sushi<\/h1>\n\n    <h2>1. Postanowienia og\u00f3lne<\/h2>\n    <ol>\n      <li>Niniejszy Regulamin okre\u015bla zasady sk\u0142adania i realizacji zam\u00f3wie\u0144 online w restauracji prowadzonej przez:<br>\n        <strong>Kamil Sacewicz<\/strong>, ul. Ch\u0142odna 41, 21-500 Bia\u0142a Podlaska, NIP: 5372534663.\n      <\/li>\n      <li>Regulamin jest dost\u0119pny nieodp\u0142atnie na stronie internetowej restauracji i mo\u017ce by\u0107 pobrany oraz zapisany przez U\u017cytkownika.<\/li>\n      <li>Z\u0142o\u017cenie zam\u00f3wienia jest r\u00f3wnoznaczne z akceptacj\u0105 niniejszego Regulaminu.<\/li>\n    <\/ol>\n\n    <hr>\n\n    <h2>2. Sk\u0142adanie zam\u00f3wie\u0144<\/h2>\n    <ol>\n      <li>Zam\u00f3wienia mog\u0105 by\u0107 sk\u0142adane za po\u015brednictwem strony internetowej Restauracji.<\/li>\n      <li>W celu z\u0142o\u017cenia zam\u00f3wienia Klient podaje:\n        <ul>\n          <li>imi\u0119 i nazwisko,<\/li>\n          <li>adres e-mail,<\/li>\n          <li>numer telefonu,<\/li>\n          <li>adres dostawy (je\u015bli zam\u00f3wienie ma by\u0107 dostarczone).<\/li>\n        <\/ul>\n      <\/li>\n      <li>Umowa sprzeda\u017cy zawarta zostaje w chwili potwierdzenia zam\u00f3wienia przez Restauracj\u0119.<\/li>\n    <\/ol>\n\n    <hr>\n\n    <h2>3. Ceny i p\u0142atno\u015bci<\/h2>\n    <ol>\n      <li>Wszystkie ceny podawane na stronie internetowej s\u0105 cenami brutto (zawieraj\u0105 podatek VAT) i wyra\u017cone s\u0105 w z\u0142otych polskich (PLN).<\/li>\n      <li>Dost\u0119pne metody p\u0142atno\u015bci:\n        <ul>\n          <li>p\u0142atno\u015b\u0107 online za po\u015brednictwem operator\u00f3w p\u0142atno\u015bci,<\/li>\n          <li>p\u0142atno\u015b\u0107 got\u00f3wk\u0105 lub kart\u0105 przy odbiorze.<\/li>\n        <\/ul>\n      <\/li>\n      <li>Restauracja zastrzega sobie prawo do zmiany cen, jednak zmiana nie dotyczy zam\u00f3wie\u0144 ju\u017c z\u0142o\u017conych i potwierdzonych.<\/li>\n    <\/ol>\n\n    <hr>\n\n    <h2>4. Dostawa i odbi\u00f3r osobisty<\/h2>\n    <ol>\n      <li>Restauracja realizuje dostawy na wskazany przez Klienta adres w obszarze okre\u015blonym na stronie internetowej.<\/li>\n      <li>Czas dostawy zale\u017cy od dost\u0119pno\u015bci produkt\u00f3w i aktualnego obci\u0105\u017cenia kuchni.<\/li>\n      <li>Klient mo\u017ce r\u00f3wnie\u017c odebra\u0107 zam\u00f3wienie osobi\u015bcie w lokalu Restauracji.<\/li>\n    <\/ol>\n\n    <hr>\n\n    <h2>5. Reklamacje<\/h2>\n    <ol>\n      <li>Klient ma prawo zg\u0142osi\u0107 reklamacj\u0119 w przypadku:\n        <ul>\n          <li>dostarczenia posi\u0142ku niezgodnego z zam\u00f3wieniem,<\/li>\n          <li>dostarczenia produktu nie\u015bwie\u017cego lub uszkodzonego.<\/li>\n        <\/ul>\n      <\/li>\n      <li>Reklamacje nale\u017cy sk\u0142ada\u0107 niezw\u0142ocznie po otrzymaniu zam\u00f3wienia, telefonicznie pod numerem wskazanym na stronie Restauracji.<\/li>\n      <li>Reklamacje b\u0119d\u0105 rozpatrywane i wyja\u015bniane na bie\u017c\u0105co \u2013 w miar\u0119 mo\u017cliwo\u015bci natychmiast po zg\u0142oszeniu.<\/li>\n    <\/ol>\n\n    <hr>\n\n    <h2>6. Prawo odst\u0105pienia od umowy<\/h2>\n    <ol>\n      <li>Zgodnie z art. 38 pkt 4 ustawy o prawach konsumenta, Klient nie ma prawa odst\u0105pienia od umowy w przypadku zam\u00f3wienia \u017cywno\u015bci i napoj\u00f3w przygotowywanych na indywidualne zam\u00f3wienie lub maj\u0105cych kr\u00f3tki termin przydatno\u015bci do spo\u017cycia.<\/li>\n      <li>Klientowi przys\u0142uguje jednak prawo do reklamacji w przypadku wadliwego produktu lub niewykonania umowy.<\/li>\n    <\/ol>\n\n    <hr>\n\n    <h2>7. Dane osobowe<\/h2>\n    <ol>\n      <li>Administratorem danych osobowych Klient\u00f3w jest Kamil Sacewicz (dane w pkt 1).<\/li>\n      <li>Dane osobowe przetwarzane s\u0105 w celu realizacji zam\u00f3wienia oraz zgodnie z Polityk\u0105 Prywatno\u015bci dost\u0119pn\u0105 na stronie internetowej Restauracji.<\/li>\n    <\/ol>\n\n    <hr>\n\n    <h2>8. Postanowienia ko\u0144cowe<\/h2>\n    <ol>\n      <li>Regulamin wchodzi w \u017cycie z dniem opublikowania na stronie internetowej Restauracji.<\/li>\n      <li>Restauracja zastrzega sobie prawo do zmiany Regulaminu w ka\u017cdym czasie \u2013 zmiany obowi\u0105zuj\u0105 od momentu ich opublikowania na stronie.<\/li>\n      <li>Do spraw nieuregulowanych w niniejszym Regulaminie maj\u0105 zastosowanie przepisy prawa polskiego, w szczeg\u00f3lno\u015bci Kodeksu cywilnego oraz ustawy o prawach konsumenta.<\/li>\n    <\/ol>\n\n    <p><small>Ostatnia aktualizacja: 07.09.2025<\/small><\/p>\n  <\/article>\n<\/section>\n\t\t\t\t\t\t<\/div>\n\t\t\t\t<\/div>\n\t\t\t\t\t<\/div>\n\t\t\t\t<\/div>\n\t\t\t\t<\/div>\n\t\t","protected":false},"excerpt":{"rendered":"<p>Regulamin Zam\u00f3wie\u0144 Online \u2013 Restauracja Sushi 1. Postanowienia og\u00f3lne Niniejszy Regulamin okre\u015bla zasady sk\u0142adania i realizacji zam\u00f3wie\u0144 online w restauracji prowadzonej przez: Kamil Sacewicz, ul. Ch\u0142odna 41, 21-500 Bia\u0142a Podlaska, [&hellip;]<\/p>\n","protected":false},"author":1,"featured_media":0,"parent":0,"menu_order":0,"comment_status":"closed","ping_status":"closed","template":"","meta":{"_monsterinsights_skip_tracking":false,"_monsterinsights_sitenote_active":false,"_monsterinsights_sitenote_note":"","_monsterinsights_sitenote_category":0,"footnotes":""},"class_list":["post-5128","page","type-page","status-publish","hentry"],"aioseo_notices":[],"_links":{"self":[{"href":"https:\/\/futosushi.com.pl\/index.php?rest_route=\/wp\/v2\/pages\/5128","targetHints":{"allow":["GET"]}}],"collection":[{"href":"https:\/\/futosushi.com.pl\/index.php?rest_route=\/wp\/v2\/pages"}],"about":[{"href":"https:\/\/futosushi.com.pl\/index.php?rest_route=\/wp\/v2\/types\/page"}],"author":[{"embeddable":true,"href":"https:\/\/futosushi.com.pl\/index.php?rest_route=\/wp\/v2\/users\/1"}],"replies":[{"embeddable":true,"href":"https:\/\/futosushi.com.pl\/index.php?rest_route=%2Fwp%2Fv2%2Fcomments&post=5128"}],"version-history":[{"count":4,"href":"https:\/\/futosushi.com.pl\/index.php?rest_route=\/wp\/v2\/pages\/5128\/revisions"}],"predecessor-version":[{"id":5494,"href":"https:\/\/futosushi.com.pl\/index.php?rest_route=\/wp\/v2\/pages\/5128\/revisions\/5494"}],"wp:attachment":[{"href":"https:\/\/futosushi.com.pl\/index.php?rest_route=%2Fwp%2Fv2%2Fmedia&parent=5128"}],"curies":[{"name":"wp","href":"https:\/\/api.w.org\/{rel}","templated":true}]}}